{"id":746,"date":"2026-01-20T08:59:38","date_gmt":"2026-01-20T08:59:38","guid":{"rendered":"https:\/\/staging.hotelangelo.it\/?page_id=746"},"modified":"2026-02-10T11:00:48","modified_gmt":"2026-02-10T11:00:48","slug":"fruehstuecksbuffet","status":"publish","type":"page","link":"https:\/\/hotelangelo.it\/de\/fruehstuecksbuffet\/","title":{"rendered":"Fr\u00fchst\u00fccksbuffet"},"content":{"rendered":"\n<p><strong>Wach auf mit einem L\u00e4cheln\u2026 jeder perfekte Tag beginnt mit einem Fr\u00fchst\u00fcck, das das Herz ber\u00fchrt!<\/strong><br><br>Stell dir vor, du \u00f6ffnest die Augen und folgst dem Duft von&nbsp;<strong>frisch gebackenen Kuchen<\/strong>, weichen Cr\u00eapes, fluffigen Pancakes und liebevoll&nbsp;<strong>hausgemachten Keksen<\/strong>&nbsp;\u2013 fast wie zu Hause.<br><br>Bist du ein Liebhaber s\u00fc\u00dfer Fr\u00fchst\u00fccke? Dann wird hier jeder Morgen zu einer kleinen Umarmung.<\/p>\n\n\n\n<p>Aber du bist im Urlaub\u2026 Zeit, etwas Neues zu probieren!<br><br>Lass dich von unserem herzhaften Fr\u00fchst\u00fcck verf\u00fchren: knuspriger Bacon, frisch gebackenes Brot, feine Wurst- und K\u00e4sespezialit\u00e4ten, herzhafte Kuchen und leckere Sandwiches.<br><br>Ein Fest der Aromen, das dich \u00fcberraschen wird.<\/p>\n\n\n\n<p>Wenn die Sonne Caorle w\u00e4rmt,&nbsp;<strong>ruft die Frische<\/strong>: cremiger Joghurt, bunte Fr\u00fcchte, knackiges Gem\u00fcse, Cerealien, Porridge, vitaminreiche Samen und nat\u00fcrliche S\u00e4fte warten darauf, dir neue Energie und Wohlbefinden zu schenken.<\/p>\n\n\n\n<p>Mach es dir auf unserer Terrasse gem\u00fctlich,&nbsp;<strong>atme die frische Morgenluft<\/strong>&nbsp;ein und lass dich vom lebendigen Rhythmus der \u201cCaorle urban life\u201d inspirieren.<br><br><strong>Nimm dir alle Zeit der Welt\u2026 hier gibt es keinen Stress.<\/strong><\/p>\n\n\n\n<p><strong>Und f\u00fcr alle Langschl\u00e4fer?<\/strong><br><br>Samtiger Cappuccino, duftende Croissants, frische S\u00e4fte und cremiger Joghurt erwarten dich an unserer Bar bis Mittag!<\/p>\n\n\n\n<figure class=\"wp-block-gallery has-nested-images columns-default is-cropped wp-block-gallery-1 is-layout-flex wp-block-gallery-is-layout-flex\">\n<figure class=\"wp-block-image size-large\"><img loading=\"lazy\" decoding=\"async\" width=\"1024\" height=\"768\" data-id=\"815\" src=\"https:\/\/hotelangelo.it\/wp-content\/uploads\/2026\/02\/colazione15-1024x768.webp\" alt=\"\" class=\"wp-image-815\" srcset=\"https:\/\/hotelangelo.it\/wp-content\/uploads\/2026\/02\/colazione15-1024x768.webp 1024w, https:\/\/hotelangelo.it\/wp-content\/uploads\/2026\/02\/colazione15-300x225.webp 300w, https:\/\/hotelangelo.it\/wp-content\/uploads\/2026\/02\/colazione15-768x576.webp 768w, https:\/\/hotelangelo.it\/wp-content\/uploads\/2026\/02\/colazione15-1536x1152.webp 1536w, https:\/\/hotelangelo.it\/wp-content\/uploads\/2026\/02\/colazione15.webp 1600w\" sizes=\"auto, (max-width: 1024px) 100vw, 1024px\" \/><\/figure>\n\n\n\n<figure class=\"wp-block-image size-large\"><img loading=\"lazy\" decoding=\"async\" width=\"1024\" height=\"467\" data-id=\"722\" src=\"https:\/\/hotelangelo.it\/wp-content\/uploads\/2026\/01\/colazione-Hotel-Angelo14-1-1600x730-1-1024x467.webp\" alt=\"colazione\" class=\"wp-image-722\" srcset=\"https:\/\/hotelangelo.it\/wp-content\/uploads\/2026\/01\/colazione-Hotel-Angelo14-1-1600x730-1-1024x467.webp 1024w, https:\/\/hotelangelo.it\/wp-content\/uploads\/2026\/01\/colazione-Hotel-Angelo14-1-1600x730-1-300x137.webp 300w, https:\/\/hotelangelo.it\/wp-content\/uploads\/2026\/01\/colazione-Hotel-Angelo14-1-1600x730-1-768x350.webp 768w, https:\/\/hotelangelo.it\/wp-content\/uploads\/2026\/01\/colazione-Hotel-Angelo14-1-1600x730-1-1536x701.webp 1536w, https:\/\/hotelangelo.it\/wp-content\/uploads\/2026\/01\/colazione-Hotel-Angelo14-1-1600x730-1.webp 1600w\" sizes=\"auto, (max-width: 1024px) 100vw, 1024px\" \/><\/figure>\n\n\n\n<figure class=\"wp-block-image size-large\"><img loading=\"lazy\" decoding=\"async\" width=\"1024\" height=\"768\" data-id=\"812\" src=\"https:\/\/hotelangelo.it\/wp-content\/uploads\/2026\/02\/colazione11-1024x768.webp\" alt=\"\" class=\"wp-image-812\" srcset=\"https:\/\/hotelangelo.it\/wp-content\/uploads\/2026\/02\/colazione11-1024x768.webp 1024w, https:\/\/hotelangelo.it\/wp-content\/uploads\/2026\/02\/colazione11-300x225.webp 300w, https:\/\/hotelangelo.it\/wp-content\/uploads\/2026\/02\/colazione11-768x576.webp 768w, https:\/\/hotelangelo.it\/wp-content\/uploads\/2026\/02\/colazione11-1536x1152.webp 1536w, https:\/\/hotelangelo.it\/wp-content\/uploads\/2026\/02\/colazione11.webp 1600w\" sizes=\"auto, (max-width: 1024px) 100vw, 1024px\" \/><\/figure>\n\n\n\n<figure class=\"wp-block-image size-large\"><img loading=\"lazy\" decoding=\"async\" width=\"1024\" height=\"467\" data-id=\"719\" src=\"https:\/\/hotelangelo.it\/wp-content\/uploads\/2026\/01\/colazione-Hotel-Angelo12-1600x730-1-1024x467.webp\" alt=\"colazione\" class=\"wp-image-719\" srcset=\"https:\/\/hotelangelo.it\/wp-content\/uploads\/2026\/01\/colazione-Hotel-Angelo12-1600x730-1-1024x467.webp 1024w, https:\/\/hotelangelo.it\/wp-content\/uploads\/2026\/01\/colazione-Hotel-Angelo12-1600x730-1-300x137.webp 300w, https:\/\/hotelangelo.it\/wp-content\/uploads\/2026\/01\/colazione-Hotel-Angelo12-1600x730-1-768x350.webp 768w, https:\/\/hotelangelo.it\/wp-content\/uploads\/2026\/01\/colazione-Hotel-Angelo12-1600x730-1-1536x701.webp 1536w, https:\/\/hotelangelo.it\/wp-content\/uploads\/2026\/01\/colazione-Hotel-Angelo12-1600x730-1.webp 1600w\" sizes=\"auto, (max-width: 1024px) 100vw, 1024px\" \/><\/figure>\n\n\n\n<figure class=\"wp-block-image size-large\"><img loading=\"lazy\" decoding=\"async\" width=\"1024\" height=\"768\" data-id=\"813\" src=\"https:\/\/hotelangelo.it\/wp-content\/uploads\/2026\/02\/colazione12-1024x768.webp\" alt=\"\" class=\"wp-image-813\" srcset=\"https:\/\/hotelangelo.it\/wp-content\/uploads\/2026\/02\/colazione12-1024x768.webp 1024w, https:\/\/hotelangelo.it\/wp-content\/uploads\/2026\/02\/colazione12-300x225.webp 300w, https:\/\/hotelangelo.it\/wp-content\/uploads\/2026\/02\/colazione12-768x576.webp 768w, https:\/\/hotelangelo.it\/wp-content\/uploads\/2026\/02\/colazione12-1536x1152.webp 1536w, https:\/\/hotelangelo.it\/wp-content\/uploads\/2026\/02\/colazione12.webp 1600w\" sizes=\"auto, (max-width: 1024px) 100vw, 1024px\" \/><\/figure>\n\n\n\n<figure class=\"wp-block-image size-large\"><img loading=\"lazy\" decoding=\"async\" width=\"1024\" height=\"467\" data-id=\"718\" src=\"https:\/\/hotelangelo.it\/wp-content\/uploads\/2026\/01\/colazione-Hotel-Angelo4-1600x730-1-1024x467.webp\" alt=\"colazione\" class=\"wp-image-718\" srcset=\"https:\/\/hotelangelo.it\/wp-content\/uploads\/2026\/01\/colazione-Hotel-Angelo4-1600x730-1-1024x467.webp 1024w, https:\/\/hotelangelo.it\/wp-content\/uploads\/2026\/01\/colazione-Hotel-Angelo4-1600x730-1-300x137.webp 300w, https:\/\/hotelangelo.it\/wp-content\/uploads\/2026\/01\/colazione-Hotel-Angelo4-1600x730-1-768x350.webp 768w, https:\/\/hotelangelo.it\/wp-content\/uploads\/2026\/01\/colazione-Hotel-Angelo4-1600x730-1-1536x701.webp 1536w, https:\/\/hotelangelo.it\/wp-content\/uploads\/2026\/01\/colazione-Hotel-Angelo4-1600x730-1.webp 1600w\" sizes=\"auto, (max-width: 1024px) 100vw, 1024px\" \/><\/figure>\n\n\n\n<figure class=\"wp-block-image size-large\"><img loading=\"lazy\" decoding=\"async\" width=\"1024\" height=\"768\" data-id=\"804\" src=\"https:\/\/hotelangelo.it\/wp-content\/uploads\/2026\/02\/colazione3-1024x768.webp\" alt=\"\" class=\"wp-image-804\" srcset=\"https:\/\/hotelangelo.it\/wp-content\/uploads\/2026\/02\/colazione3-1024x768.webp 1024w, https:\/\/hotelangelo.it\/wp-content\/uploads\/2026\/02\/colazione3-300x225.webp 300w, https:\/\/hotelangelo.it\/wp-content\/uploads\/2026\/02\/colazione3-768x576.webp 768w, https:\/\/hotelangelo.it\/wp-content\/uploads\/2026\/02\/colazione3-1536x1152.webp 1536w, https:\/\/hotelangelo.it\/wp-content\/uploads\/2026\/02\/colazione3.webp 1600w\" sizes=\"auto, (max-width: 1024px) 100vw, 1024px\" \/><\/figure>\n\n\n\n<figure class=\"wp-block-image size-large\"><img loading=\"lazy\" decoding=\"async\" width=\"1024\" height=\"768\" data-id=\"807\" src=\"https:\/\/hotelangelo.it\/wp-content\/uploads\/2026\/02\/colazione6-1024x768.webp\" alt=\"\" class=\"wp-image-807\" srcset=\"https:\/\/hotelangelo.it\/wp-content\/uploads\/2026\/02\/colazione6-1024x768.webp 1024w, https:\/\/hotelangelo.it\/wp-content\/uploads\/2026\/02\/colazione6-300x225.webp 300w, https:\/\/hotelangelo.it\/wp-content\/uploads\/2026\/02\/colazione6-768x576.webp 768w, https:\/\/hotelangelo.it\/wp-content\/uploads\/2026\/02\/colazione6-1536x1152.webp 1536w, https:\/\/hotelangelo.it\/wp-content\/uploads\/2026\/02\/colazione6.webp 1600w\" sizes=\"auto, (max-width: 1024px) 100vw, 1024px\" \/><\/figure>\n\n\n\n<figure class=\"wp-block-image size-large\"><img loading=\"lazy\" decoding=\"async\" width=\"1024\" height=\"768\" data-id=\"803\" src=\"https:\/\/hotelangelo.it\/wp-content\/uploads\/2026\/02\/colazione2-1024x768.webp\" alt=\"\" class=\"wp-image-803\" srcset=\"https:\/\/hotelangelo.it\/wp-content\/uploads\/2026\/02\/colazione2-1024x768.webp 1024w, https:\/\/hotelangelo.it\/wp-content\/uploads\/2026\/02\/colazione2-300x225.webp 300w, https:\/\/hotelangelo.it\/wp-content\/uploads\/2026\/02\/colazione2-768x576.webp 768w, https:\/\/hotelangelo.it\/wp-content\/uploads\/2026\/02\/colazione2-1536x1152.webp 1536w, https:\/\/hotelangelo.it\/wp-content\/uploads\/2026\/02\/colazione2.webp 1600w\" sizes=\"auto, (max-width: 1024px) 100vw, 1024px\" \/><\/figure>\n\n\n\n<figure class=\"wp-block-image size-large\"><img loading=\"lazy\" decoding=\"async\" width=\"1024\" height=\"768\" data-id=\"805\" src=\"https:\/\/hotelangelo.it\/wp-content\/uploads\/2026\/02\/colazione4-1024x768.webp\" alt=\"\" class=\"wp-image-805\" srcset=\"https:\/\/hotelangelo.it\/wp-content\/uploads\/2026\/02\/colazione4-1024x768.webp 1024w, https:\/\/hotelangelo.it\/wp-content\/uploads\/2026\/02\/colazione4-300x225.webp 300w, https:\/\/hotelangelo.it\/wp-content\/uploads\/2026\/02\/colazione4-768x576.webp 768w, https:\/\/hotelangelo.it\/wp-content\/uploads\/2026\/02\/colazione4-1536x1152.webp 1536w, https:\/\/hotelangelo.it\/wp-content\/uploads\/2026\/02\/colazione4.webp 1600w\" sizes=\"auto, (max-width: 1024px) 100vw, 1024px\" \/><\/figure>\n\n\n\n<figure class=\"wp-block-image size-large\"><img loading=\"lazy\" decoding=\"async\" width=\"1024\" height=\"467\" data-id=\"711\" src=\"https:\/\/hotelangelo.it\/wp-content\/uploads\/2026\/01\/colazione-Hotel-Angelo3-2-1600x730-1-1024x467.webp\" alt=\"colazione\" class=\"wp-image-711\" srcset=\"https:\/\/hotelangelo.it\/wp-content\/uploads\/2026\/01\/colazione-Hotel-Angelo3-2-1600x730-1-1024x467.webp 1024w, https:\/\/hotelangelo.it\/wp-content\/uploads\/2026\/01\/colazione-Hotel-Angelo3-2-1600x730-1-300x137.webp 300w, https:\/\/hotelangelo.it\/wp-content\/uploads\/2026\/01\/colazione-Hotel-Angelo3-2-1600x730-1-768x350.webp 768w, https:\/\/hotelangelo.it\/wp-content\/uploads\/2026\/01\/colazione-Hotel-Angelo3-2-1600x730-1-1536x701.webp 1536w, https:\/\/hotelangelo.it\/wp-content\/uploads\/2026\/01\/colazione-Hotel-Angelo3-2-1600x730-1.webp 1600w\" sizes=\"auto, (max-width: 1024px) 100vw, 1024px\" \/><\/figure>\n\n\n\n<figure class=\"wp-block-image size-large\"><img loading=\"lazy\" decoding=\"async\" width=\"1024\" height=\"768\" data-id=\"802\" src=\"https:\/\/hotelangelo.it\/wp-content\/uploads\/2026\/02\/colazione1-1024x768.webp\" alt=\"\" class=\"wp-image-802\" srcset=\"https:\/\/hotelangelo.it\/wp-content\/uploads\/2026\/02\/colazione1-1024x768.webp 1024w, https:\/\/hotelangelo.it\/wp-content\/uploads\/2026\/02\/colazione1-300x225.webp 300w, https:\/\/hotelangelo.it\/wp-content\/uploads\/2026\/02\/colazione1-768x576.webp 768w, https:\/\/hotelangelo.it\/wp-content\/uploads\/2026\/02\/colazione1-1536x1152.webp 1536w, https:\/\/hotelangelo.it\/wp-content\/uploads\/2026\/02\/colazione1.webp 1600w\" sizes=\"auto, (max-width: 1024px) 100vw, 1024px\" \/><\/figure>\n\n\n\n<figure class=\"wp-block-image size-large\"><img loading=\"lazy\" decoding=\"async\" width=\"1024\" height=\"768\" data-id=\"810\" src=\"https:\/\/hotelangelo.it\/wp-content\/uploads\/2026\/02\/colazione9-1024x768.webp\" alt=\"\" class=\"wp-image-810\" srcset=\"https:\/\/hotelangelo.it\/wp-content\/uploads\/2026\/02\/colazione9-1024x768.webp 1024w, https:\/\/hotelangelo.it\/wp-content\/uploads\/2026\/02\/colazione9-300x225.webp 300w, https:\/\/hotelangelo.it\/wp-content\/uploads\/2026\/02\/colazione9-768x576.webp 768w, https:\/\/hotelangelo.it\/wp-content\/uploads\/2026\/02\/colazione9-1536x1152.webp 1536w, https:\/\/hotelangelo.it\/wp-content\/uploads\/2026\/02\/colazione9.webp 1600w\" sizes=\"auto, (max-width: 1024px) 100vw, 1024px\" \/><\/figure>\n\n\n\n<figure class=\"wp-block-image size-large\"><img loading=\"lazy\" decoding=\"async\" width=\"1024\" height=\"768\" data-id=\"811\" src=\"https:\/\/hotelangelo.it\/wp-content\/uploads\/2026\/02\/colazione10-1024x768.webp\" alt=\"\" class=\"wp-image-811\" srcset=\"https:\/\/hotelangelo.it\/wp-content\/uploads\/2026\/02\/colazione10-1024x768.webp 1024w, https:\/\/hotelangelo.it\/wp-content\/uploads\/2026\/02\/colazione10-300x225.webp 300w, https:\/\/hotelangelo.it\/wp-content\/uploads\/2026\/02\/colazione10-768x576.webp 768w, https:\/\/hotelangelo.it\/wp-content\/uploads\/2026\/02\/colazione10-1536x1152.webp 1536w, https:\/\/hotelangelo.it\/wp-content\/uploads\/2026\/02\/colazione10.webp 1600w\" sizes=\"auto, (max-width: 1024px) 100vw, 1024px\" \/><\/figure>\n\n\n\n<figure class=\"wp-block-image size-large\"><img loading=\"lazy\" decoding=\"async\" width=\"1024\" height=\"768\" data-id=\"809\" src=\"https:\/\/hotelangelo.it\/wp-content\/uploads\/2026\/02\/colazione8-1024x768.webp\" alt=\"\" class=\"wp-image-809\" srcset=\"https:\/\/hotelangelo.it\/wp-content\/uploads\/2026\/02\/colazione8-1024x768.webp 1024w, https:\/\/hotelangelo.it\/wp-content\/uploads\/2026\/02\/colazione8-300x225.webp 300w, https:\/\/hotelangelo.it\/wp-content\/uploads\/2026\/02\/colazione8-768x576.webp 768w, https:\/\/hotelangelo.it\/wp-content\/uploads\/2026\/02\/colazione8-1536x1152.webp 1536w, https:\/\/hotelangelo.it\/wp-content\/uploads\/2026\/02\/colazione8.webp 1600w\" sizes=\"auto, (max-width: 1024px) 100vw, 1024px\" \/><\/figure>\n\n\n\n<figure class=\"wp-block-image size-large\"><img loading=\"lazy\" decoding=\"async\" width=\"1024\" height=\"768\" data-id=\"804\" src=\"https:\/\/hotelangelo.it\/wp-content\/uploads\/2026\/02\/colazione3-1024x768.webp\" alt=\"\" class=\"wp-image-804\" srcset=\"https:\/\/hotelangelo.it\/wp-content\/uploads\/2026\/02\/colazione3-1024x768.webp 1024w, https:\/\/hotelangelo.it\/wp-content\/uploads\/2026\/02\/colazione3-300x225.webp 300w, https:\/\/hotelangelo.it\/wp-content\/uploads\/2026\/02\/colazione3-768x576.webp 768w, https:\/\/hotelangelo.it\/wp-content\/uploads\/2026\/02\/colazione3-1536x1152.webp 1536w, https:\/\/hotelangelo.it\/wp-content\/uploads\/2026\/02\/colazione3.webp 1600w\" sizes=\"auto, (max-width: 1024px) 100vw, 1024px\" \/><\/figure>\n\n\n\n<figure class=\"wp-block-image size-large\"><img loading=\"lazy\" decoding=\"async\" width=\"1024\" height=\"768\" data-id=\"806\" src=\"https:\/\/hotelangelo.it\/wp-content\/uploads\/2026\/02\/colazione5-1024x768.webp\" alt=\"\" class=\"wp-image-806\" srcset=\"https:\/\/hotelangelo.it\/wp-content\/uploads\/2026\/02\/colazione5-1024x768.webp 1024w, https:\/\/hotelangelo.it\/wp-content\/uploads\/2026\/02\/colazione5-300x225.webp 300w, https:\/\/hotelangelo.it\/wp-content\/uploads\/2026\/02\/colazione5-768x576.webp 768w, https:\/\/hotelangelo.it\/wp-content\/uploads\/2026\/02\/colazione5-1536x1152.webp 1536w, https:\/\/hotelangelo.it\/wp-content\/uploads\/2026\/02\/colazione5.webp 1600w\" sizes=\"auto, (max-width: 1024px) 100vw, 1024px\" \/><\/figure>\n<\/figure>\n","protected":false},"excerpt":{"rendered":"<p>Wach auf mit einem L\u00e4cheln\u2026 jeder perfekte Tag beginnt mit einem Fr\u00fchst\u00fcck, das das Herz ber\u00fchrt! Stell dir vor, du \u00f6ffnest die Augen und folgst dem Duft von&nbsp;frisch gebackenen Kuchen, weichen Cr\u00eapes, fluffigen Pancakes und liebevoll&nbsp;hausgemachten Keksen&nbsp;\u2013 fast wie zu Hause. Bist du ein Liebhaber s\u00fc\u00dfer Fr\u00fchst\u00fccke? Dann wird hier jeder Morgen zu einer kleinen [&hellip;]<\/p>\n","protected":false},"author":1,"featured_media":745,"parent":0,"menu_order":0,"comment_status":"closed","ping_status":"closed","template":"","meta":{"_acf_changed":false,"_joinchat":[],"footnotes":""},"class_list":["post-746","page","type-page","status-publish","has-post-thumbnail","hentry"],"acf":[],"_links":{"self":[{"href":"https:\/\/hotelangelo.it\/de\/wp-json\/wp\/v2\/pages\/746","targetHints":{"allow":["GET"]}}],"collection":[{"href":"https:\/\/hotelangelo.it\/de\/wp-json\/wp\/v2\/pages"}],"about":[{"href":"https:\/\/hotelangelo.it\/de\/wp-json\/wp\/v2\/types\/page"}],"author":[{"embeddable":true,"href":"https:\/\/hotelangelo.it\/de\/wp-json\/wp\/v2\/users\/1"}],"replies":[{"embeddable":true,"href":"https:\/\/hotelangelo.it\/de\/wp-json\/wp\/v2\/comments?post=746"}],"version-history":[{"count":3,"href":"https:\/\/hotelangelo.it\/de\/wp-json\/wp\/v2\/pages\/746\/revisions"}],"predecessor-version":[{"id":881,"href":"https:\/\/hotelangelo.it\/de\/wp-json\/wp\/v2\/pages\/746\/revisions\/881"}],"wp:featuredmedia":[{"embeddable":true,"href":"https:\/\/hotelangelo.it\/de\/wp-json\/wp\/v2\/media\/745"}],"wp:attachment":[{"href":"https:\/\/hotelangelo.it\/de\/wp-json\/wp\/v2\/media?parent=746"}],"curies":[{"name":"wp","href":"https:\/\/api.w.org\/{rel}","templated":true}]}}