{"id":575,"date":"2025-11-24T12:50:09","date_gmt":"2025-11-24T12:50:09","guid":{"rendered":"https:\/\/staging.hotelangelo.it\/privacy-policy\/"},"modified":"2026-01-20T13:32:51","modified_gmt":"2026-01-20T13:32:51","slug":"datenschutzerklarung","status":"publish","type":"page","link":"https:\/\/hotelangelo.it\/de\/datenschutzerklarung\/","title":{"rendered":"Datenschutzerkl\u00e4rung"},"content":{"rendered":"\n<h2 class=\"wp-block-heading\">INFORMATIONEN ZUR VERARBEITUNG PERSONENBEZOGENER DATEN<\/h2>\n\n\n\n<p>In Erf\u00fcllung der Verpflichtungen aus der nationalen Gesetzgebung (Gesetzesdekret vom 30. Juni 2003 Nr. 196, Datenschutzkodex) sowie der europ\u00e4ischen Gesetzgebung (EU-Verordnung Nr. 679\/2016, DSGVO) und deren sp\u00e4teren \u00c4nderungen respektiert und sch\u00fctzt diese Website die Privatsph\u00e4re der Besucher und Nutzer und unternimmt alle m\u00f6glichen und angemessenen Anstrengungen, um die Rechte der Nutzer nicht zu verletzen..<\/p>\n\n\n\n<p><strong>EINWILLIGUNG ZUR DATENVERARBEITUNG<\/strong><\/p>\n\n\n\n<p>Hiermit informieren wir Sie \u00fcber die Erhebung und Verarbeitung Ihrer Daten gem\u00e4\u00df Artikel 13 der EU-Verordnung 679\/2016 \u00fcber die Verarbeitung personenbezogener Daten (DSGVO).<\/p>\n\n\n\n<p><strong>GEGENSTAND DIESER INFORMATION<\/strong><\/p>\n\n\n\n<p>Die vorliegenden Informationen betreffen personenbezogene Daten, die von uns verarbeitet werden, sowohl bereits erhobene Daten als auch solche, die k\u00fcnftig erhoben werden, sowohl direkt als auch \u00fcber Dritte, d. h. \u00fcber andere Stellen, Datenbanken, \u00f6ffentliche Einrichtungen usw.<\/p>\n\n\n\n<p><strong>VERANTWORTLICHER F\u00dcR DIE DATENVERARBEITUNG<\/strong><\/p>\n\n\n\n<p>Verantwortlicher f\u00fcr die Datenverarbeitung ist: <strong>Eredi Nicora Mario snc di Nicora Alberto &amp; C.<\/strong><br>Verantwortliche Person f\u00fcr die Verarbeitung ist Frau Nicora Marialuisa, erreichbar unter info@hotelangelo.it.<\/p>\n\n\n\n<p><strong>ZWECK DER VERARBEITUNG<\/strong><\/p>\n\n\n\n<p>Die Verarbeitung Ihrer Daten erfolgt zu administrativen und buchhalterischen Zwecken im Zusammenhang mit einer Informationsanfrage sowie mit der Verwaltung einer Buchung.<\/p>\n\n\n\n<p>Die Bereitstellung der Daten ist verpflichtend, sofern gesetzlich vorgeschrieben; in anderen F\u00e4llen ist sie freiwillig. Eine Verweigerung kann dazu f\u00fchren, dass ein korrektes Vertragsverh\u00e4ltnis nicht begr\u00fcndet oder fortgef\u00fchrt werden kann.<\/p>\n\n\n\n<p><strong>ART DER VERARBEITUNG<\/strong><\/p>\n\n\n\n<p>Die Daten k\u00f6nnen sowohl manuell als auch mit elektronischen Systemen verarbeitet werden, stets unter Einhaltung der Grunds\u00e4tze von Korrektheit und Vertraulichkeit. Die erhobenen personenbezogenen Daten werden mit automatisierten Mitteln nur f\u00fcr die unbedingt erforderliche Zeit verarbeitet, um die Zwecke zu erreichen, f\u00fcr die sie erhoben wurden. Die Systeme sind mit geeigneten und notwendigen Sicherheitsma\u00dfnahmen ausgestattet, um Datenverlust, unrechtm\u00e4\u00dfige oder falsche Nutzung sowie unbefugten Zugriff zu verhindern.<\/p>\n\n\n\n<p><strong>RECHTSGRUNDLAGE DER VERARBEITUNG<\/strong><\/p>\n\n\n\n<p>Diese Website verarbeitet Daten auf Grundlage der Einwilligung. Durch die Nutzung oder Konsultation dieser Website genehmigen Besucher und Nutzer ausdr\u00fccklich diese Datenschutzerkl\u00e4rung und stimmen der Verarbeitung ihrer personenbezogenen Daten gem\u00e4\u00df den nachstehend beschriebenen Modalit\u00e4ten und Zwecken zu, einschlie\u00dflich einer etwaigen Weitergabe an Dritte, sofern dies zur Erbringung einer Dienstleistung erforderlich ist.<\/p>\n\n\n\n<p>Die Bereitstellung der Daten und somit die Einwilligung zur Erhebung und Verarbeitung der Daten ist freiwillig. Der Nutzer kann die Einwilligung verweigern oder eine bereits erteilte Einwilligung jederzeit widerrufen (\u00fcber den Kontakt-Link am Seitenende). Die Verweigerung der Einwilligung kann jedoch dazu f\u00fchren, dass bestimmte Dienstleistungen nicht erbracht werden k\u00f6nnen und die Nutzung der Website beeintr\u00e4chtigt ist.<\/p>\n\n\n\n<p>Ab dem 25. Mai 2018 (Datum des Inkrafttretens der DSGVO) verarbeitet diese Website einige Daten auf Grundlage der berechtigten Interessen des Verantwortlichen.<\/p>\n\n\n\n<p><strong>EMPF\u00c4NGER DER DATEN UND WEITERGABE<\/strong><\/p>\n\n\n\n<p>Die Daten k\u00f6nnen ausschlie\u00dflich im Rahmen der oben genannten Zwecke an folgende Kategorien von Empf\u00e4ngern weitergegeben werden:<\/p>\n\n\n\n<p>\u2014 zentrale und lokale staatliche Stellen, \u00f6ffentliche Einrichtungen und andere Institutionen zur Erf\u00fcllung gesetzlicher oder vertraglicher Verpflichtungen;<br><br>\u2014 Handelsvertreter, Lieferanten, Kunden, Kuriere und Versandunternehmen; Unternehmen zur Verwaltung von Unternehmenssoftware;<br><br>\u2014 Rechts- und Steuerberatungskanzleien, Datenverarbeitungsunternehmen und Beratungsfirmen.<\/p>\n\n\n\n<p>Die Daten werden nicht ver\u00f6ffentlicht, k\u00f6nnen jedoch zur Kenntnis gebracht werden von:<\/p>\n\n\n\n<p>\u2014 unseren Mitarbeitern oder freien Mitarbeitern;<br><br>\u2014 den mit der Datenverarbeitung betrauten Personen.<\/p>\n\n\n\n<p><strong>\u00dcBERMITTLUNG IN DRITTL\u00c4NDER ODER INTERNATIONALE ORGANISATIONEN<\/strong><\/p>\n\n\n\n<p>Ihre Daten werden in keiner Weise in Drittl\u00e4nder au\u00dferhalb der EU oder in L\u00e4nder \u00fcbermittelt, die nicht in der von der Richtlinie 96\/46\/EG genehmigten Liste enthalten sind.<\/p>\n\n\n\n<p><strong>SPEICHERDAUER DER PERSONENBEZOGENEN DATEN<\/strong><\/p>\n\n\n\n<p>Ihre personenbezogenen Daten werden bis zu 3 Jahre nach Erbringung der Dienstleistung oder dem Verkauf des Produkts gespeichert oder dar\u00fcber hinaus, sofern gesetzlich vorgeschrieben (z. B. Rechnungen mit einer Aufbewahrungsfrist von 10 Jahren).<\/p>\n\n\n\n<p><strong>AUS\u00dcBUNG DER RECHTE DER BETROFFENEN PERSON<\/strong><\/p>\n\n\n\n<p>Gem\u00e4\u00df den Artikeln 13 Absatz 2 Buchstaben (b) und (d), 15, 18, 19 und 21 der Verordnung wird die betroffene Person dar\u00fcber informiert, dass:<\/p>\n\n\n\n<ol class=\"wp-block-list\">\n<li>a) sie das Recht hat, vom Verantwortlichen Auskunft \u00fcber die personenbezogenen Daten, deren Berichtigung oder L\u00f6schung oder die Einschr\u00e4nkung der Verarbeitung zu verlangen oder der Verarbeitung zu widersprechen;<\/li>\n\n\n\n<li>b) sie das Recht hat, Beschwerde bei der Datenschutzaufsichtsbeh\u00f6rde einzulegen, gem\u00e4\u00df den Verfahren und Hinweisen auf der offiziellen Website der Beh\u00f6rde unter www.garanteprivacy.it;<\/li>\n\n\n\n<li>c) etwaige Berichtigungen, L\u00f6schungen oder Einschr\u00e4nkungen der Verarbeitung, die auf Antrag der betroffenen Person vorgenommen werden \u2014 sofern dies nicht unm\u00f6glich ist oder einen unverh\u00e4ltnism\u00e4\u00dfigen Aufwand erfordert \u2014 vom Verantwortlichen allen Empf\u00e4ngern mitgeteilt werden, an die personenbezogene Daten \u00fcbermittelt wurden. Auf Wunsch kann der Verantwortliche der betroffenen Person diese Empf\u00e4nger mitteilen.<\/li>\n<\/ol>\n\n\n\n<p>Die Aus\u00fcbung der Rechte ist formfrei und kostenlos.<\/p>\n\n\n\n<p>Zur Information sind die Artikel 15 bis 23 der Verordnung unter folgendem Link abrufbar:<br><a href=\"http:\/\/eur-lex.europa.eu\/legal-content\/IT\/TXT\/HTML\/?uri=CELEX:32016R0679&amp;from=IT\" target=\"_blank\" rel=\"noopener\">http:\/\/eur-lex.europa.eu\/legal-content\/IT\/TXT\/HTML\/?uri=CELEX:32016R0679&amp;from=IT<\/a><\/p>\n\n\n\n<p><strong>RECHT AUF BESCHWERDE BEI DER AUFSICHTSBEH\u00d6RDE<\/strong><\/p>\n\n\n\n<p>Wenn Sie der Ansicht sind, dass Ihre Daten unrechtm\u00e4\u00dfig verarbeitet wurden, haben Sie das Recht, sich an die zust\u00e4ndige Aufsichtsbeh\u00f6rde zu wenden und Beschwerde einzulegen.<\/p>\n\n\n\n<p><strong>AUTOMATISIERTE ENTSCHEIDUNGSPROZESSE<\/strong><\/p>\n\n\n\n<p>Der Verantwortliche nutzt keine automatisierten Entscheidungsprozesse in Bezug auf Ihre personenbezogenen Daten, mit Ausnahme DSGVO-konformer Kommunikationssysteme zur Verbesserung des Kundenservices.<\/p>\n\n\n\n<p><strong>AKTUALISIERUNGEN<\/strong><\/p>\n\n\n\n<p>Diese Datenschutzerkl\u00e4rung wurde am <strong>26. Mai 2018<\/strong> aktualisiert<\/p>\n","protected":false},"excerpt":{"rendered":"<p>INFORMATIONEN ZUR VERARBEITUNG PERSONENBEZOGENER DATEN In Erf\u00fcllung der Verpflichtungen aus der nationalen Gesetzgebung (Gesetzesdekret vom 30. Juni 2003 Nr. 196, Datenschutzkodex) sowie der europ\u00e4ischen Gesetzgebung (EU-Verordnung Nr. 679\/2016, DSGVO) und deren sp\u00e4teren \u00c4nderungen respektiert und sch\u00fctzt diese Website die Privatsph\u00e4re der Besucher und Nutzer und unternimmt alle m\u00f6glichen und angemessenen Anstrengungen, um die Rechte der [&hellip;]<\/p>\n","protected":false},"author":1,"featured_media":0,"parent":0,"menu_order":0,"comment_status":"closed","ping_status":"closed","template":"","meta":{"_acf_changed":false,"_joinchat":[],"footnotes":""},"class_list":["post-575","page","type-page","status-publish","hentry"],"acf":[],"_links":{"self":[{"href":"https:\/\/hotelangelo.it\/de\/wp-json\/wp\/v2\/pages\/575","targetHints":{"allow":["GET"]}}],"collection":[{"href":"https:\/\/hotelangelo.it\/de\/wp-json\/wp\/v2\/pages"}],"about":[{"href":"https:\/\/hotelangelo.it\/de\/wp-json\/wp\/v2\/types\/page"}],"author":[{"embeddable":true,"href":"https:\/\/hotelangelo.it\/de\/wp-json\/wp\/v2\/users\/1"}],"replies":[{"embeddable":true,"href":"https:\/\/hotelangelo.it\/de\/wp-json\/wp\/v2\/comments?post=575"}],"version-history":[{"count":8,"href":"https:\/\/hotelangelo.it\/de\/wp-json\/wp\/v2\/pages\/575\/revisions"}],"predecessor-version":[{"id":794,"href":"https:\/\/hotelangelo.it\/de\/wp-json\/wp\/v2\/pages\/575\/revisions\/794"}],"wp:attachment":[{"href":"https:\/\/hotelangelo.it\/de\/wp-json\/wp\/v2\/media?parent=575"}],"curies":[{"name":"wp","href":"https:\/\/api.w.org\/{rel}","templated":true}]}}